{"id":62,"date":"2020-04-04T20:19:38","date_gmt":"2020-04-04T20:19:38","guid":{"rendered":"http:\/\/www.spvaustria.com\/?page_id=62"},"modified":"2020-10-24T20:43:48","modified_gmt":"2020-10-24T20:43:48","slug":"kontakt","status":"publish","type":"page","link":"https:\/\/spvaustria.com\/index.php\/kontakt\/","title":{"rendered":"Services"},"content":{"rendered":"\n<p>Unter&nbsp;anderem&nbsp;besteht&nbsp;unser&nbsp;Programm&nbsp;aus&nbsp;folgenden Produkten&nbsp;und&nbsp;Dienstleistungen:<\/p>\n\n\n\n<ul><li>Pr\u00e4zisionsteilen&nbsp;im&nbsp;Hundertstelbereich<br><br><\/li><li>Ersatzteilen&nbsp;f\u00fcr&nbsp;Maschinen&nbsp;und&nbsp;Anlagen&nbsp;aufgrund&nbsp;von&nbsp;Kundenunterlagen<br><br><\/li><li>Zahnr\u00e4dern<br><br><\/li><li>Kundenspezifischer&nbsp;Hydraulikzylinder<br><br><\/li><li>Spindeln der L\u00e4nge 5m mit Muttern (ein- und zweiteilig)<br><br><\/li><li>Schnecken f\u00fcr alle Anwendungsbereiche<br><br><\/li><li>Walzachsen<br><br><\/li><li>Spritzwerkzeugen&nbsp;und&nbsp;Werkzeugen f\u00fcr Plastikblasstationen<br><br><\/li><li>\u00dcberholung&nbsp;von&nbsp;Werkzeugmaschinen&nbsp;und&nbsp;ihrer Bauteile<\/li><\/ul>\n","protected":false},"excerpt":{"rendered":"<p>Unter&nbsp;anderem&nbsp;besteht&nbsp;unser&nbsp;Programm&nbsp;aus&nbsp;folgenden Produkten&nbsp;und&nbsp;Dienstleistungen: Pr\u00e4zisionsteilen&nbsp;im&nbsp;Hundertstelbereich Ersatzteilen&nbsp;f\u00fcr&nbsp;Maschinen&nbsp;und&nbsp;Anlagen&nbsp;aufgrund&nbsp;von&nbsp;Kundenunterlagen Zahnr\u00e4dern Kundenspezifischer&nbsp;Hydraulikzylinder Spindeln der L\u00e4nge 5m mit Muttern (ein- und zweiteilig) Schnecken f\u00fcr alle Anwendungsbereiche Walzachsen Spritzwerkzeugen&nbsp;und&nbsp;Werkzeugen f\u00fcr Plastikblasstationen \u00dcberholung&nbsp;von&nbsp;Werkzeugmaschinen&nbsp;und&nbsp;ihrer Bauteile<\/p>\n","protected":false},"author":2,"featured_media":0,"parent":0,"menu_order":0,"comment_status":"closed","ping_status":"closed","template":"","meta":{"footnotes":""},"_links":{"self":[{"href":"https:\/\/spvaustria.com\/index.php\/wp-json\/wp\/v2\/pages\/62"}],"collection":[{"href":"https:\/\/spvaustria.com\/index.php\/wp-json\/wp\/v2\/pages"}],"about":[{"href":"https:\/\/spvaustria.com\/index.php\/wp-json\/wp\/v2\/types\/page"}],"author":[{"embeddable":true,"href":"https:\/\/spvaustria.com\/index.php\/wp-json\/wp\/v2\/users\/2"}],"replies":[{"embeddable":true,"href":"https:\/\/spvaustria.com\/index.php\/wp-json\/wp\/v2\/comments?post=62"}],"version-history":[{"count":18,"href":"https:\/\/spvaustria.com\/index.php\/wp-json\/wp\/v2\/pages\/62\/revisions"}],"predecessor-version":[{"id":370,"href":"https:\/\/spvaustria.com\/index.php\/wp-json\/wp\/v2\/pages\/62\/revisions\/370"}],"wp:attachment":[{"href":"https:\/\/spvaustria.com\/index.php\/wp-json\/wp\/v2\/media?parent=62"}],"curies":[{"name":"wp","href":"https:\/\/api.w.org\/{rel}","templated":true}]}}