{"id":195,"date":"2020-10-11T07:05:30","date_gmt":"2020-10-11T07:05:30","guid":{"rendered":"http:\/\/www.spvaustria.com\/?page_id=195"},"modified":"2020-10-26T14:22:03","modified_gmt":"2020-10-26T14:22:03","slug":"maschinen","status":"publish","type":"page","link":"https:\/\/spvaustria.com\/index.php\/maschinen\/","title":{"rendered":"Maschinenpark"},"content":{"rendered":"\n<p class=\"has-text-align-left\">Sehen&nbsp;Sie&nbsp;sich&nbsp;einen&nbsp;Teil&nbsp;unseres&nbsp;Maschinenparks&nbsp;an (Abmessungen&nbsp;in mm).<\/p>\n\n\n\n<figure class=\"wp-block-table alignleft is-style-stripes\"><table><tbody><tr><td class=\"has-text-align-left\" data-align=\"left\">Maschinenliste<\/td><td class=\"has-text-align-center\" data-align=\"center\">Arbeitsbereich<\/td><\/tr><tr><td class=\"has-text-align-left\" data-align=\"left\">S\u00e4ge, PEGAS 150-250<\/td><td class=\"has-text-align-center\" data-align=\"center\">\u00d8250\u200b<\/td><\/tr><tr><td class=\"has-text-align-left\" data-align=\"left\">CNC-Drehmaschine, DOOSAN LINX 2100 LM, 4 Achsen<\/td><td class=\"has-text-align-center\" data-align=\"center\">\u00d8350 x 550<\/td><\/tr><tr><td class=\"has-text-align-left\" data-align=\"left\">CNC-Drehmaschine, SCHAUBLIN 128\u200b\u200b\u200b<\/td><td class=\"has-text-align-center\" data-align=\"center\">\u200b\u00d8160 x 350<\/td><\/tr><tr><td class=\"has-text-align-left\" data-align=\"left\">Universaldrehmaschine, POTISJE PA-35\u200b\u200b\u200b\u200b<\/td><td class=\"has-text-align-center\" data-align=\"center\">\u200b\u00d8700&nbsp;max; \u00d8500 x 2000<\/td><\/tr><tr><td class=\"has-text-align-left\" data-align=\"left\">Universaldrehmaschine, VDF v3k<\/td><td class=\"has-text-align-center\" data-align=\"center\">\u00d8850&nbsp;max; \u00d8350 x 1500<\/td><\/tr><tr><td class=\"has-text-align-left\" data-align=\"left\">Universaldrehmaschine,&nbsp;POTISJE MORANDO PA-30<\/td><td class=\"has-text-align-center\" data-align=\"center\">\u200b\u00d8600&nbsp;max; \u00d8500 x 3000<\/td><\/tr><tr><td class=\"has-text-align-left\" data-align=\"left\">CNC-Fr\u00e4smaschine, FANUC ROBODRILL<br>ALPHA D21MiA5 10K CT, 3 Achsen<\/td><td class=\"has-text-align-center\" data-align=\"center\">500 x 400 x 330<\/td><\/tr><tr><td class=\"has-text-align-left\" data-align=\"left\">CNC-Fr\u00e4smaschine, MIKRON UM 600<\/td><td class=\"has-text-align-center\" data-align=\"center\">\u200b600 x 500 x 500<\/td><\/tr><tr><td class=\"has-text-align-left\" data-align=\"left\">CNC Fr\u00e4smaschine, MIKRON&nbsp;Wf&nbsp;72&nbsp;C\u200b\u200b\u200b<\/td><td class=\"has-text-align-center\" data-align=\"center\">\u200b900 x 630 x 550<\/td><\/tr><tr><td class=\"has-text-align-left\" data-align=\"left\">CNC-Bearbeitungszentrum, DOOSAN DNM 5700\u200b<\/td><td class=\"has-text-align-center\" data-align=\"center\">\u200b1050 x 570 x 570<\/td><\/tr><tr><td class=\"has-text-align-left\" data-align=\"left\">CNC-Bearbeitungszentrum, GANESH VMC 2216, 4 Achsen<\/td><td class=\"has-text-align-center\" data-align=\"center\">560 x 400 x 400<\/td><\/tr><tr><td class=\"has-text-align-left\" data-align=\"left\">CNC-Bearbeitungszentrum, MATSUURA&nbsp;MC-800FV, 5 Achsen\u200b<\/td><td class=\"has-text-align-center\" data-align=\"center\">\u200b800 x 390 x 600<\/td><\/tr><tr><td class=\"has-text-align-left\" data-align=\"left\">CNC-Erodiermaschine&nbsp;mit Elektrode, DECKEL DE 25, 4 Achsen<\/td><td class=\"has-text-align-center\" data-align=\"center\">\u200b400 x 300 x 300<\/td><\/tr><tr><td class=\"has-text-align-left\" data-align=\"left\">Flachschleifmaschine, ELB<\/td><td class=\"has-text-align-center\" data-align=\"center\">\u200b600 x 320<\/td><\/tr><tr><td class=\"has-text-align-left\" data-align=\"left\">Rundschleifmaschine, KIKINDA UF 1500\u200b\u200b\u200b<\/td><td class=\"has-text-align-center\" data-align=\"center\">\u00d8375 x 1500<\/td><\/tr><tr><td class=\"has-text-align-left\" data-align=\"left\">Zahnfr\u00e4smaschine, PFAUTER<\/td><td class=\"has-text-align-center\" data-align=\"center\">\u00d8820&nbsp;max; m1-m16<\/td><\/tr><tr><td class=\"has-text-align-left\" data-align=\"left\">Zahnradschleifmaschine, NILES&nbsp;ZSTZ-630<\/td><td class=\"has-text-align-center\" data-align=\"center\">\u200b\u00d8630&nbsp;max; m1-m14<\/td><\/tr><tr><td class=\"has-text-align-left\" data-align=\"left\">Nutenziemaschine, RAUSCH&nbsp;RS 1<\/td><td class=\"has-text-align-center\" data-align=\"center\">\u200bBis 12m; Hub 800<\/td><\/tr><tr><td class=\"has-text-align-left\" data-align=\"left\">Hydraulische Presse, V\u00d6GTLE rhs60<\/td><td class=\"has-text-align-center\" data-align=\"center\">\u200b500 \u00d7 500<\/td><\/tr><tr><td class=\"has-text-align-left\" data-align=\"left\">Schwei\u00dfapparate, TIG- und MIG-Verfahren<\/td><td class=\"has-text-align-center\" data-align=\"center\"><\/td><\/tr><tr><td class=\"has-text-align-left\" data-align=\"left\"><\/td><td class=\"has-text-align-center\" data-align=\"center\"><\/td><\/tr><\/tbody><\/table><\/figure>\n","protected":false},"excerpt":{"rendered":"<p>Sehen&nbsp;Sie&nbsp;sich&nbsp;einen&nbsp;Teil&nbsp;unseres&nbsp;Maschinenparks&nbsp;an (Abmessungen&nbsp;in mm). Maschinenliste Arbeitsbereich S\u00e4ge, PEGAS 150-250 \u00d8250\u200b CNC-Drehmaschine, DOOSAN LINX 2100 LM, 4 Achsen \u00d8350 x 550 CNC-Drehmaschine, SCHAUBLIN 128\u200b\u200b\u200b \u200b\u00d8160 x 350 Universaldrehmaschine, POTISJE PA-35\u200b\u200b\u200b\u200b \u200b\u00d8700&nbsp;max; \u00d8500 x 2000 Universaldrehmaschine, VDF v3k \u00d8850&nbsp;max; \u00d8350 x 1500 Universaldrehmaschine,&nbsp;POTISJE MORANDO PA-30 \u200b\u00d8600&nbsp;max; \u00d8500 x 3000 CNC-Fr\u00e4smaschine, FANUC ROBODRILLALPHA D21MiA5 10K CT, 3 Achsen 500 [&hellip;]<\/p>\n","protected":false},"author":2,"featured_media":295,"parent":0,"menu_order":0,"comment_status":"closed","ping_status":"closed","template":"","meta":{"footnotes":""},"_links":{"self":[{"href":"https:\/\/spvaustria.com\/index.php\/wp-json\/wp\/v2\/pages\/195"}],"collection":[{"href":"https:\/\/spvaustria.com\/index.php\/wp-json\/wp\/v2\/pages"}],"about":[{"href":"https:\/\/spvaustria.com\/index.php\/wp-json\/wp\/v2\/types\/page"}],"author":[{"embeddable":true,"href":"https:\/\/spvaustria.com\/index.php\/wp-json\/wp\/v2\/users\/2"}],"replies":[{"embeddable":true,"href":"https:\/\/spvaustria.com\/index.php\/wp-json\/wp\/v2\/comments?post=195"}],"version-history":[{"count":20,"href":"https:\/\/spvaustria.com\/index.php\/wp-json\/wp\/v2\/pages\/195\/revisions"}],"predecessor-version":[{"id":378,"href":"https:\/\/spvaustria.com\/index.php\/wp-json\/wp\/v2\/pages\/195\/revisions\/378"}],"wp:featuredmedia":[{"embeddable":true,"href":"https:\/\/spvaustria.com\/index.php\/wp-json\/wp\/v2\/media\/295"}],"wp:attachment":[{"href":"https:\/\/spvaustria.com\/index.php\/wp-json\/wp\/v2\/media?parent=195"}],"curies":[{"name":"wp","href":"https:\/\/api.w.org\/{rel}","templated":true}]}}